{"id":21,"date":"2026-03-27T17:05:06","date_gmt":"2026-03-27T16:05:06","guid":{"rendered":"https:\/\/bazanne.com\/about\/"},"modified":"2026-03-30T17:43:32","modified_gmt":"2026-03-30T15:43:32","slug":"about-bazanne-merger-acquisition-conseil-en-strategie-restructuring","status":"publish","type":"page","link":"https:\/\/bazanne.com\/fr_fr\/about-bazanne-merger-acquisition-conseil-en-strategie-restructuring\/","title":{"rendered":"About"},"content":{"rendered":"\n<div class=\"wp-block-uagb-container uagb-layout-grid uagb-block-861c71f8 alignfull uagb-is-root-container\"><div class=\"uagb-container-inner-blocks-wrap\">\n<div class=\"wp-block-uagb-advanced-heading uagb-block-269a3267\"><h1 class=\"uagb-heading-text\">Expertise en M&amp;A, croissance et restructuration<\/h1><\/div>\n\n\n\n<div class=\"wp-block-uagb-image uagb-block-cc953da3 wp-block-uagb-image--layout-default wp-block-uagb-image--effect-static wp-block-uagb-image--align-none\"><figure class=\"wp-block-uagb-image__figure\"><img srcset=\"https:\/\/bazanne.com\/wp-content\/uploads\/2026\/03\/pexels-photo-4963436.jpeg ,https:\/\/bazanne.com\/wp-content\/uploads\/2026\/03\/pexels-photo-4963436.jpeg 780w, https:\/\/bazanne.com\/wp-content\/uploads\/2026\/03\/pexels-photo-4963436.jpeg 360w\" sizes=\"auto, (max-width: 480px) 150px\"  alt=\"Close-up of a business handshake between professionals outdoors.\" class=\"uag-image-7 lws-optimize-lazyload\" width=\"800\" height=\"500\" title=\"about-bg\" loading=\"lazy\" role=\"img\"\/ data-src=\"https:\/\/bazanne.com\/wp-content\/uploads\/2026\/03\/pexels-photo-4963436.jpeg\"><\/figure><\/div>\n<\/div><\/div>\n\n\n\n<div class=\"wp-block-uagb-container uagb-block-8af37a54 alignfull uagb-is-root-container\"><div class=\"uagb-container-inner-blocks-wrap\">\n<div class=\"wp-block-uagb-advanced-heading uagb-block-6950e8e0\"><h2 class=\"uagb-heading-text\">Pr\u00e9sentation de Bazanne<\/h2><\/div>\n\n\n\n<div class=\"wp-block-uagb-info-box uagb-block-69e924c0 uagb-infobox__content-wrap  uagb-infobox-icon-above-title uagb-infobox-image-valign-top\"><div class=\"uagb-ifb-content\"><div class=\"uagb-ifb-title-wrap\"><h3 class=\"uagb-ifb-title-prefix\">Votre partenaire strat\u00e9gique<\/h3><p class=\"uagb-ifb-title\">Chez Bazanne, nous aidons nos clients \u00e0 r\u00e9aliser des transactions r\u00e9ussies, \u00e0 optimiser leur strat\u00e9gie et \u00e0 transformer leur mod\u00e8le commercial. Nos clients t\u00e9moignent de notre efficacit\u00e9 dans la croissance, l&rsquo;acquisition et la restructuration, avec des r\u00e9sultats mesurables et durables.<\/p><\/div><p class=\"uagb-ifb-desc\">Avec une expertise dans le secteur M&amp;A et des r\u00e9sultats probants, Bazanne a accompagn\u00e9 divers clients dans leur parcours de transformation, assurant une croissance durable et des \u00e9valuations d&rsquo;entreprises pr\u00e9cises.<\/p><\/div><\/div>\n<\/div><\/div>\n\n\n\n<div class=\"wp-block-uagb-container uagb-block-ba29e191 alignfull uagb-is-root-container\"><div class=\"uagb-container-inner-blocks-wrap\">\n<div class=\"wp-block-group is-layout-constrained wp-block-group-is-layout-constrained\">\n<div class=\"wp-block-uagb-advanced-heading uagb-block-3292e8a4\"><h2 class=\"uagb-heading-text\">Pr\u00e9sentation de Jean-Marie Longin <br>&#8211; le fondateur<\/h2><\/div>\n\n\n\n<div class=\"wp-block-uagb-image uagb-block-7696dbdf wp-block-uagb-image--layout-default wp-block-uagb-image--effect-static wp-block-uagb-image--align-none\"><figure class=\"wp-block-uagb-image__figure\"><img srcset=\"https:\/\/bazanne.com\/wp-content\/uploads\/2026\/03\/Photo-JM-L.jpg ,https:\/\/bazanne.com\/wp-content\/uploads\/2026\/03\/Photo-JM-L.jpg 780w, https:\/\/bazanne.com\/wp-content\/uploads\/2026\/03\/Photo-JM-L.jpg 360w\" sizes=\"auto, (max-width: 480px) 150px\"  alt=\"photo jm l\" class=\"uag-image-450 lws-optimize-lazyload\" width=\"800\" height=\"800\" title=\"photo jm l\" loading=\"lazy\" role=\"img\"\/ data-src=\"https:\/\/bazanne.com\/wp-content\/uploads\/2026\/03\/Photo-JM-L.jpg\"><\/figure><\/div>\n<\/div>\n\n\n\n<div class=\"wp-block-group is-nowrap is-layout-flex wp-container-core-group-is-layout-6c531013 wp-block-group-is-layout-flex\">\n<div class=\"wp-block-uagb-info-box uagb-block-f4f0e250 uagb-infobox__content-wrap  uagb-infobox-icon-above-title uagb-infobox-image-valign-top\"><div class=\"uagb-ifb-content\"><div class=\"uagb-ifb-title-wrap\"><h3 class=\"uagb-ifb-title-prefix\">28 ans d&rsquo;exp\u00e9rience<\/h3><p class=\"uagb-ifb-title\">.<\/p><\/div><p class=\"uagb-ifb-desc\">Jean-Marie Longin est un dirigeant et advisor exp\u00e9riment\u00e9 avec plus de 28 ans d\u2019exp\u00e9rience dans le pilotage de croissance, la transformation op\u00e9rationnelle et les transactions M&amp;A.<br><br>Apr\u00e8s un d\u00e9but de carri\u00e8re chez Solvay en contr\u00f4le de gestion, ing\u00e9nierie, maintenance, s\u00e9curit\u00e9, achats (Allemagne, France, Chine), il rejoint Cap Gemini (ex-Bossard Gemini Consulting \/ Ernst&amp;Young Consulting) o\u00f9 il a accompagn\u00e9 de grands groupes industriels (Safran Defense, Total, Renault, Lafarge) mais aussi des soci\u00e9t\u00e9s de services (Brinks, Elidis-Kronenbourg) dans leur transformation, leur r\u00e9duction des co\u00fbts et leur politique commerciale.<br><br>Il a ensuite pass\u00e9 20 ans chez American Express (Cartes et Global Business Travel) aux achats (Europe), op\u00e9rations (France) puis en tant que Business Development &amp; Sales BU Leader (Monde). Il y a pilot\u00e9 des projets internationaux de ventes et d\u00e9veloppement de solutions Tech, Payment, procurement et transformation \u00e0 grande \u00e9chelle, mais aussi \u00e0 l&rsquo;\u00e9valuation de cibles \u00e0 acheter (due diligences, post M&amp;A &#8230;).<br><br>En 2024, il prend la direction Monde du Supplier Sales et de la BU Tender Directs chez Proactis (Editeur SaaS S2P leader).<br><br>Avant de cr\u00e9er Bazanne en 2025 pour se consacrer \u00e0 l\u2019accompagnement de dirigeants et de fonds d\u2019investissement (+30 missions).<br><br>Expertises cl\u00e9s : <br>Strat\u00e9gie de croissance et business development de solutions complexes (SaaS, FinTech, Payment, TravelTech, ProcureTech)<br><br>Transformation op\u00e9rationnelle, cost-killing et optimisation P&amp;L pour les services, l&rsquo;industrie (Grands groupes ou PMEs.<br>Restructuring et r\u00e9organisation<br><br>M&amp;A : valorisation (approche triangulaire), due diligences (financi\u00e8res, commerciales, op\u00e9rationnelles), accompagnement buy-side et sell-side, Fundraising.<br>Accompagnement de fonds d&rsquo;investissements anglo saxons en tant que expert sur le TravelTech et ProcureTech.<br><br>Formation : Ing\u00e9nieur \u2013 Arts &amp; M\u00e9tiers ParisTech (Grande \u00c9cole)<br>Executive Education : Finance (Yale), Intelligence Artificielle (MIT), Procurement (Arizona State University)<br><br>Jean-Marie intervient en fran\u00e7ais et en anglais. Il est reconnu pour son approche pragmatique, sa capacit\u00e9 \u00e0 traduire des enjeux strat\u00e9giques en plans d\u2019action concrets et son engagement sur des r\u00e9sultats mesurables et durables.<\/p><\/div><\/div>\n<\/div>\n<\/div><\/div>\n\n\n\n<div class=\"wp-block-uagb-container uagb-block-c0243b08 alignfull uagb-is-root-container\"><div class=\"uagb-container-inner-blocks-wrap\">\n<div class=\"wp-block-uagb-image uagb-block-7022f48d wp-block-uagb-image--layout-default wp-block-uagb-image--effect-static wp-block-uagb-image--align-none uag-blocks-common-selector\" style=\"--z-index-desktop:1;;--z-index-tablet:undefined;;--z-index-mobile:undefined;\"><figure class=\"wp-block-uagb-image__figure\"><img srcset=\"https:\/\/bazanne.com\/wp-content\/uploads\/2026\/03\/pexels-photo-262488-262488-1024x768.jpg ,https:\/\/bazanne.com\/wp-content\/uploads\/2026\/03\/pexels-photo-262488-262488-scaled.jpg 780w, https:\/\/bazanne.com\/wp-content\/uploads\/2026\/03\/pexels-photo-262488-262488-scaled.jpg 360w\" sizes=\"auto, (max-width: 480px) 150px\"  alt=\"Close-up of an incomplete white puzzle with one missing piece, symbolizing challenge and strategy.\" class=\"uag-image-375 lws-optimize-lazyload\" width=\"1200\" height=\"450\" title=\"pexels photo 262488 262488\" loading=\"lazy\" role=\"img\"\/ data-src=\"https:\/\/bazanne.com\/wp-content\/uploads\/2026\/03\/pexels-photo-262488-262488-1024x768.jpg\"><\/figure><\/div>\n\n\n\n<div class=\"wp-block-uagb-advanced-heading uagb-block-fb25c115\"><h2 class=\"uagb-heading-text\">Une strat\u00e9gie sur mesure pour chaque march\u00e9<\/h2><\/div>\n\n\n\n<div class=\"wp-block-uagb-container uagb-block-494d221e\">\n<div class=\"wp-block-uagb-container uagb-block-73cf9e23\">\n<div class=\"wp-block-uagb-icon-list uagb-block-3a9da422\"><div class=\"uagb-icon-list__wrap\">\n<div class=\"wp-block-uagb-icon-list-child uagb-block-42843833\"><span class=\"uagb-icon-list__source-wrap\"><svg xmlns=\"https:\/\/www.w3.org\/2000\/svg\" viewBox=\"0 0 512 512\"><path d=\"M0 256C0 114.6 114.6 0 256 0C397.4 0 512 114.6 512 256C512 397.4 397.4 512 256 512C114.6 512 0 397.4 0 256zM256 352C309 352 352 309 352 256C352 202.1 309 160 256 160C202.1 160 160 202.1 160 256C160 309 202.1 352 256 352z\"><\/path><\/svg><\/span><span class=\"uagb-icon-list__label\">Ann\u00e9es d&rsquo;exp\u00e9rience<\/span><\/div>\n<\/div><\/div>\n\n\n\n<div class=\"wp-block-uagb-advanced-heading uagb-block-a2717360\"><p class=\"uagb-heading-text\">28+<\/p><\/div>\n<\/div>\n\n\n\n<div class=\"wp-block-uagb-container uagb-block-0bdeda31\">\n<div class=\"wp-block-uagb-icon-list uagb-block-4abeaf65\"><div class=\"uagb-icon-list__wrap\">\n<div class=\"wp-block-uagb-icon-list-child uagb-block-94e579da\"><span class=\"uagb-icon-list__source-wrap\"><svg xmlns=\"https:\/\/www.w3.org\/2000\/svg\" viewBox=\"0 0 512 512\"><path d=\"M0 256C0 114.6 114.6 0 256 0C397.4 0 512 114.6 512 256C512 397.4 397.4 512 256 512C114.6 512 0 397.4 0 256zM256 352C309 352 352 309 352 256C352 202.1 309 160 256 160C202.1 160 160 202.1 160 256C160 309 202.1 352 256 352z\"><\/path><\/svg><\/span><span class=\"uagb-icon-list__label\">Taux de satisfaction<\/span><\/div>\n<\/div><\/div>\n\n\n\n<div class=\"wp-block-uagb-advanced-heading uagb-block-e940bf75\"><p class=\"uagb-heading-text\">100%<\/p><\/div>\n<\/div>\n\n\n\n<div class=\"wp-block-uagb-container uagb-block-7d5c737b\">\n<div class=\"wp-block-uagb-icon-list uagb-block-019ec0b2\"><div class=\"uagb-icon-list__wrap\">\n<div class=\"wp-block-uagb-icon-list-child uagb-block-33f49684\"><span class=\"uagb-icon-list__source-wrap\"><svg xmlns=\"https:\/\/www.w3.org\/2000\/svg\" viewBox=\"0 0 512 512\"><path d=\"M0 256C0 114.6 114.6 0 256 0C397.4 0 512 114.6 512 256C512 397.4 397.4 512 256 512C114.6 512 0 397.4 0 256zM256 352C309 352 352 309 352 256C352 202.1 309 160 256 160C202.1 160 160 202.1 160 256C160 309 202.1 352 256 352z\"><\/path><\/svg><\/span><span class=\"uagb-icon-list__label\">Consultation depuis<\/span><\/div>\n<\/div><\/div>\n\n\n\n<div class=\"wp-block-uagb-advanced-heading uagb-block-ab97b53b\"><p class=\"uagb-heading-text\">2020<\/p><\/div>\n<\/div>\n<\/div>\n<\/div><\/div>\n\n\n\n<div class=\"wp-block-uagb-container uagb-block-283d2971 alignfull uagb-is-root-container\"><div class=\"uagb-container-inner-blocks-wrap\">\n<div class=\"wp-block-uagb-info-box uagb-block-82d1d57c uagb-infobox__content-wrap  uagb-infobox-icon-above-title uagb-infobox-image-valign-top\"><div class=\"uagb-ifb-content\"><div class=\"uagb-ifb-title-wrap\"><h2 class=\"uagb-ifb-title\">Pr\u00eat \u00e0 faire avancer votre entreprise ?<\/h2><\/div><p class=\"uagb-ifb-desc\">Contactez-nous d\u00e8s aujourd&rsquo;hui pour discuter de vos ambitions et projets de croissance ou de cession\/vente ou de r\u00e9duction des co\u00fbts\/Restructuring\/Organisation. <br>Un appel de 20 minutes pour cadrer le besoin 0033620867064 <br><br>ou un email<\/p><div class=\"uagb-ifb-button-wrapper wp-block-button\"><a href=\"\/contact\/\" class=\"uagb-infobox-cta-link wp-block-button__link\" target=\"_self\" rel=\"noopener noreferrer\" onclick=\"return true;\"><span class=\"uagb-inline-editing\">jean-marie.longin@bazanne.com<\/span><\/a><\/div><\/div><\/div>\n<\/div><\/div>\n","protected":false},"excerpt":{"rendered":"<p>Expertise en M&amp;A, croissance et restructuration Pr\u00e9sentation de Bazanne Pr\u00e9sentation de Jean-Marie Longin &#8211; le fondateur Une strat\u00e9gie sur mesure [&hellip;]<\/p>\n","protected":false},"author":1,"featured_media":0,"parent":0,"menu_order":0,"comment_status":"closed","ping_status":"closed","template":"","meta":{"_uag_custom_page_level_css":"","site-sidebar-layout":"default","site-content-layout":"","ast-site-content-layout":"default","site-content-style":"default","site-sidebar-style":"default","ast-global-header-display":"","ast-banner-title-visibility":"","ast-main-header-display":"","ast-hfb-above-header-display":"","ast-hfb-below-header-display":"","ast-hfb-mobile-header-display":"","site-post-title":"disabled","ast-breadcrumbs-content":"","ast-featured-img":"","footer-sml-layout":"","ast-disable-related-posts":"","theme-transparent-header-meta":"","adv-header-id-meta":"","stick-header-meta":"","header-above-stick-meta":"","header-main-stick-meta":"","header-below-stick-meta":"","astra-migrate-meta-layouts":"default","ast-page-background-enabled":"default","ast-page-background-meta":{"desktop":{"background-color":"var(--ast-global-color-4)","background-image":"","background-repeat":"repeat","background-position":"center center","background-size":"auto","background-attachment":"scroll","background-type":"","background-media":"","overlay-type":"","overlay-color":"","overlay-opacity":"","overlay-gradient":""},"tablet":{"background-color":"","background-image":"","background-repeat":"repeat","background-position":"center center","background-size":"auto","background-attachment":"scroll","background-type":"","background-media":"","overlay-type":"","overlay-color":"","overlay-opacity":"","overlay-gradient":""},"mobile":{"background-color":"","background-image":"","background-repeat":"repeat","background-position":"center center","background-size":"auto","background-attachment":"scroll","background-type":"","background-media":"","overlay-type":"","overlay-color":"","overlay-opacity":"","overlay-gradient":""}},"ast-content-background-meta":{"desktop":{"background-color":"var(--ast-global-color-5)","background-image":"","background-repeat":"repeat","background-position":"center center","background-size":"auto","background-attachment":"scroll","background-type":"","background-media":"","overlay-type":"","overlay-color":"","overlay-opacity":"","overlay-gradient":""},"tablet":{"background-color":"var(--ast-global-color-5)","background-image":"","background-repeat":"repeat","background-position":"center center","background-size":"auto","background-attachment":"scroll","background-type":"","background-media":"","overlay-type":"","overlay-color":"","overlay-opacity":"","overlay-gradient":""},"mobile":{"background-color":"var(--ast-global-color-5)","background-image":"","background-repeat":"repeat","background-position":"center center","background-size":"auto","background-attachment":"scroll","background-type":"","background-media":"","overlay-type":"","overlay-color":"","overlay-opacity":"","overlay-gradient":""}},"footnotes":""},"class_list":["post-21","page","type-page","status-publish","hentry"],"uagb_featured_image_src":{"full":false,"thumbnail":false,"medium":false,"medium_large":false,"large":false,"1536x1536":false,"2048x2048":false,"trp-custom-language-flag":false},"uagb_author_info":{"display_name":"Jean-Marie Longin","author_link":"https:\/\/bazanne.com\/fr_fr\/author\/admin\/"},"uagb_comment_info":0,"uagb_excerpt":"Expertise en M&amp;A, croissance et restructuration Pr\u00e9sentation de Bazanne Pr\u00e9sentation de Jean-Marie Longin &#8211; le fondateur Une strat\u00e9gie sur mesure [&hellip;]","_links":{"self":[{"href":"https:\/\/bazanne.com\/fr_fr\/wp-json\/wp\/v2\/pages\/21","targetHints":{"allow":["GET"]}}],"collection":[{"href":"https:\/\/bazanne.com\/fr_fr\/wp-json\/wp\/v2\/pages"}],"about":[{"href":"https:\/\/bazanne.com\/fr_fr\/wp-json\/wp\/v2\/types\/page"}],"author":[{"embeddable":true,"href":"https:\/\/bazanne.com\/fr_fr\/wp-json\/wp\/v2\/users\/1"}],"replies":[{"embeddable":true,"href":"https:\/\/bazanne.com\/fr_fr\/wp-json\/wp\/v2\/comments?post=21"}],"version-history":[{"count":12,"href":"https:\/\/bazanne.com\/fr_fr\/wp-json\/wp\/v2\/pages\/21\/revisions"}],"predecessor-version":[{"id":455,"href":"https:\/\/bazanne.com\/fr_fr\/wp-json\/wp\/v2\/pages\/21\/revisions\/455"}],"wp:attachment":[{"href":"https:\/\/bazanne.com\/fr_fr\/wp-json\/wp\/v2\/media?parent=21"}],"curies":[{"name":"wp","href":"https:\/\/api.w.org\/{rel}","templated":true}]}}