{"id":22,"date":"2026-03-27T17:05:06","date_gmt":"2026-03-27T16:05:06","guid":{"rendered":"https:\/\/bazanne.com\/services\/"},"modified":"2026-03-31T10:30:57","modified_gmt":"2026-03-31T08:30:57","slug":"services-strategie-merger-acquisition-restructuring-cost-killing","status":"publish","type":"page","link":"https:\/\/bazanne.com\/fr_fr\/services-strategie-merger-acquisition-restructuring-cost-killing\/","title":{"rendered":"Services"},"content":{"rendered":"\n<div class=\"wp-block-uagb-container uagb-layout-grid uagb-block-861c71f8 alignfull uagb-is-root-container\"><div class=\"uagb-container-inner-blocks-wrap\">\n<div class=\"wp-block-uagb-advanced-heading uagb-block-269a3267\"><h1 class=\"uagb-heading-text\">Nos Services \u2013 Croissance, Transformation &amp; M&amp;A<\/h1><\/div>\n\n\n\n<div class=\"wp-block-uagb-image uagb-block-cc953da3 wp-block-uagb-image--layout-default wp-block-uagb-image--effect-static wp-block-uagb-image--align-none\"><figure class=\"wp-block-uagb-image__figure\"><img srcset=\"https:\/\/bazanne.com\/wp-content\/uploads\/2026\/03\/pexels-photo-4963436.jpeg ,https:\/\/bazanne.com\/wp-content\/uploads\/2026\/03\/pexels-photo-4963436.jpeg 780w, https:\/\/bazanne.com\/wp-content\/uploads\/2026\/03\/pexels-photo-4963436.jpeg 360w\" sizes=\"auto, (max-width: 480px) 150px\"  alt=\"Close-up of a business handshake between professionals outdoors.\" class=\"uag-image-7 lws-optimize-lazyload\" width=\"800\" height=\"500\" title=\"services-bg\" loading=\"lazy\" role=\"img\"\/ data-src=\"https:\/\/bazanne.com\/wp-content\/uploads\/2026\/03\/pexels-photo-4963436.jpeg\"><\/figure><\/div>\n<\/div><\/div>\n\n\n\n<div class=\"wp-block-uagb-container uagb-block-8af37a54 alignfull uagb-is-root-container\"><div class=\"uagb-container-inner-blocks-wrap\">\n<div class=\"wp-block-uagb-container uagb-layout-grid uagb-block-818f42b1\">\n<div class=\"wp-block-uagb-image uagb-block-9ae967e7 wp-block-uagb-image--layout-default wp-block-uagb-image--effect-static wp-block-uagb-image--align-none\"><figure class=\"wp-block-uagb-image__figure\"><img srcset=\"https:\/\/bazanne.com\/wp-content\/uploads\/2026\/03\/pexels-photo-277124-277124-1024x681.jpg ,https:\/\/bazanne.com\/wp-content\/uploads\/2026\/03\/pexels-photo-277124-277124-scaled.jpg 780w, https:\/\/bazanne.com\/wp-content\/uploads\/2026\/03\/pexels-photo-277124-277124-scaled.jpg 360w\" sizes=\"auto, (max-width: 480px) 150px\"  alt=\"Close-up of a chess game with a focused player, emphasizing strategy and competition.\" class=\"uag-image-442 lws-optimize-lazyload\" width=\"570\" height=\"450\" title=\"pexels photo 277124 277124\" loading=\"lazy\" role=\"img\"\/ data-src=\"https:\/\/bazanne.com\/wp-content\/uploads\/2026\/03\/pexels-photo-277124-277124-1024x681.jpg\"><\/figure><\/div>\n\n\n\n<div class=\"wp-block-uagb-info-box uagb-block-3954de6a uagb-infobox__content-wrap  uagb-infobox-icon-above-title uagb-infobox-image-valign-top\"><div class=\"uagb-ifb-content\"><div class=\"uagb-ifb-title-wrap\"><span class=\"uagb-ifb-title-prefix\">01<\/span><h2 class=\"uagb-ifb-title\">Conseil en Strat\u00e9gie &amp; Positionnement<\/h2><\/div><p class=\"uagb-ifb-desc\">Bazanne vous aide \u00e0 red\u00e9finir votre strat\u00e9gie, identifier vos leviers de croissance et aligner organisation, offre et march\u00e9.<br>\u2192 Diagnostic strat\u00e9gique, roadmap de croissance, positionnement concurrentiel, d\u00e9finition de la proposition de valeur.<\/p><\/div><\/div>\n<\/div>\n\n\n\n<div class=\"wp-block-uagb-container uagb-layout-grid uagb-block-caf64204\">\n<div class=\"wp-block-uagb-info-box uagb-block-967b25d2 uagb-infobox__content-wrap  uagb-infobox-icon-above-title uagb-infobox-image-valign-top\"><div class=\"uagb-ifb-content\"><div class=\"uagb-ifb-title-wrap\"><span class=\"uagb-ifb-title-prefix\">02<\/span><h2 class=\"uagb-ifb-title\">Croissance &amp; Business Development<\/h2><\/div><p class=\"uagb-ifb-desc\"> Acc\u00e9l\u00e9ration des revenus via des ventes complexes, partenariats strat\u00e9giques et expansion internationale.<br>\u2192 Optimisation des processus commerciaux (MEDDPICC), d\u00e9veloppement de partenariats, strat\u00e9gie de pricing et go-to-market.<\/p><\/div><\/div>\n\n\n\n<div class=\"wp-block-uagb-image uagb-block-422c118e wp-block-uagb-image--layout-default wp-block-uagb-image--effect-static wp-block-uagb-image--align-none\"><figure class=\"wp-block-uagb-image__figure\"><img srcset=\"https:\/\/bazanne.com\/wp-content\/uploads\/2026\/03\/gafb3a34498f842967fc827ee078fd3e0e7716692924b801fa4769e8d6c355663c49baa023ea33bceb45daa5674562bffc366cff1c271a74ae0f3cd5af621be0b_1280-1845852-682x1024.jpg ,https:\/\/bazanne.com\/wp-content\/uploads\/2026\/03\/gafb3a34498f842967fc827ee078fd3e0e7716692924b801fa4769e8d6c355663c49baa023ea33bceb45daa5674562bffc366cff1c271a74ae0f3cd5af621be0b_1280-1845852.jpg 780w, https:\/\/bazanne.com\/wp-content\/uploads\/2026\/03\/gafb3a34498f842967fc827ee078fd3e0e7716692924b801fa4769e8d6c355663c49baa023ea33bceb45daa5674562bffc366cff1c271a74ae0f3cd5af621be0b_1280-1845852.jpg 360w\" sizes=\"auto, (max-width: 480px) 150px\"  alt=\"stars, sky, night, starry night, night sky, starry sky, cosmos, stargazing, nature, astronomy, constellations, milky way, iphone wallpaper\" class=\"uag-image-379 lws-optimize-lazyload\" width=\"570\" height=\"450\" title=\"gafb3a34498f842967fc827ee078fd3e0e7716692924b801fa4769e8d6c355663c49baa023ea33bceb45daa5674562bffc366cff1c271a74ae0f3cd5af621be0b 1280 1845852\" loading=\"lazy\" role=\"img\"\/ data-src=\"https:\/\/bazanne.com\/wp-content\/uploads\/2026\/03\/gafb3a34498f842967fc827ee078fd3e0e7716692924b801fa4769e8d6c355663c49baa023ea33bceb45daa5674562bffc366cff1c271a74ae0f3cd5af621be0b_1280-1845852-682x1024.jpg\"><\/figure><\/div>\n<\/div>\n\n\n\n<div class=\"wp-block-uagb-container uagb-layout-grid uagb-block-57ffcd2c\">\n<div class=\"wp-block-uagb-image uagb-block-b16c0ec0 wp-block-uagb-image--layout-default wp-block-uagb-image--effect-static wp-block-uagb-image--align-none\"><figure class=\"wp-block-uagb-image__figure\"><img srcset=\"https:\/\/bazanne.com\/wp-content\/uploads\/2026\/03\/pexels-photo-221174-221174-1024x683.jpg ,https:\/\/bazanne.com\/wp-content\/uploads\/2026\/03\/pexels-photo-221174-221174.jpg 780w, https:\/\/bazanne.com\/wp-content\/uploads\/2026\/03\/pexels-photo-221174-221174.jpg 360w\" sizes=\"auto, (max-width: 480px) 150px\"  alt=\"Euro bills under magnifying glass with calculator, symbolizing finance and analysis.\" class=\"uag-image-380 lws-optimize-lazyload\" width=\"570\" height=\"450\" title=\"pexels photo 221174 221174\" loading=\"lazy\" role=\"img\"\/ data-src=\"https:\/\/bazanne.com\/wp-content\/uploads\/2026\/03\/pexels-photo-221174-221174-1024x683.jpg\"><\/figure><\/div>\n\n\n\n<div class=\"wp-block-uagb-info-box uagb-block-cc1b40c6 uagb-infobox__content-wrap  uagb-infobox-icon-above-title uagb-infobox-image-valign-top\"><div class=\"uagb-ifb-content\"><div class=\"uagb-ifb-title-wrap\"><span class=\"uagb-ifb-title-prefix\">03<\/span><h2 class=\"uagb-ifb-title\">Transformation &amp; Restructuring<\/h2><\/div><p class=\"uagb-ifb-desc\">Optimisation du P&amp;L, cost-killing, strategic sourcing, r\u00e9organisation et d\u00e9ploiement de solutions digitales\/IA.<br>\u2192 R\u00e9duction de co\u00fbts, am\u00e9lioration de la productivit\u00e9, mise en place d\u2019outils procurement (S2P), accompagnement du changement.<\/p><\/div><\/div>\n<\/div>\n\n\n\n<div class=\"wp-block-uagb-container uagb-layout-grid uagb-block-f40a1112\">\n<div class=\"wp-block-uagb-info-box uagb-block-56eb3b14 uagb-infobox__content-wrap  uagb-infobox-icon-above-title uagb-infobox-image-valign-top\"><div class=\"uagb-ifb-content\"><div class=\"uagb-ifb-title-wrap\"><span class=\"uagb-ifb-title-prefix\">04<\/span><h2 class=\"uagb-ifb-title\">M&amp;A \u2013 Acquisitions &amp; Cessions<\/h2><\/div><p class=\"uagb-ifb-desc\">Accompagnement complet des transactions : <br>&#8211; Buy-side : identification de cibles, due diligences, valorisation, n\u00e9gociation, closing<br>&#8211; Sell-side : pr\u00e9paration de la cession, valorisation, teasers, m\u00e9morandums, coordination du process<br><br>Valorisation triangulaire (DCF, Comps, Precedents)<br>Due diligences financi\u00e8res, commerciales et op\u00e9rationnelles (QoE, NWC, synergies, one-offs)<\/p><\/div><\/div>\n\n\n\n<div class=\"wp-block-uagb-image uagb-block-384a87e9 wp-block-uagb-image--layout-default wp-block-uagb-image--effect-static wp-block-uagb-image--align-none\"><figure class=\"wp-block-uagb-image__figure\"><img srcset=\"https:\/\/bazanne.com\/wp-content\/uploads\/2026\/03\/pexels-photo-33175672-33175672-1024x683.jpg ,https:\/\/bazanne.com\/wp-content\/uploads\/2026\/03\/pexels-photo-33175672-33175672-scaled.jpg 780w, https:\/\/bazanne.com\/wp-content\/uploads\/2026\/03\/pexels-photo-33175672-33175672-scaled.jpg 360w\" sizes=\"auto, (max-width: 480px) 150px\"  alt=\"Close-up of a handshake in a business environment, symbolizing partnership.\" class=\"uag-image-402 lws-optimize-lazyload\" width=\"570\" height=\"450\" title=\"pexels photo 33175672 33175672\" loading=\"lazy\" role=\"img\"\/ data-src=\"https:\/\/bazanne.com\/wp-content\/uploads\/2026\/03\/pexels-photo-33175672-33175672-1024x683.jpg\"><\/figure><\/div>\n<\/div>\n\n\n\n<div class=\"wp-block-uagb-container uagb-block-03c9e78e\">\n<div class=\"wp-block-uagb-container uagb-block-6a16400f\"><\/div>\n\n\n\n<div class=\"wp-block-uagb-container uagb-block-e022cfb3\">\n<div class=\"wp-block-uagb-container uagb-block-6e2b2dc0\">\n<div class=\"wp-block-uagb-info-box uagb-block-f8a2ad90 uagb-infobox__content-wrap  uagb-infobox-icon-above-title uagb-infobox-image-valign-top\"><div class=\"uagb-ifb-content\"><div class=\"uagb-ifb-icon-wrap\"><svg xmlns=\"https:\/\/www.w3.org\/2000\/svg\" viewBox=\"0 0 512 512\"><path d=\"M0 256C0 114.6 114.6 0 256 0C397.4 0 512 114.6 512 256C512 397.4 397.4 512 256 512C114.6 512 0 397.4 0 256zM371.8 211.8C382.7 200.9 382.7 183.1 371.8 172.2C360.9 161.3 343.1 161.3 332.2 172.2L224 280.4L179.8 236.2C168.9 225.3 151.1 225.3 140.2 236.2C129.3 247.1 129.3 264.9 140.2 275.8L204.2 339.8C215.1 350.7 232.9 350.7 243.8 339.8L371.8 211.8z\"><\/path><\/svg><\/div><div class=\"uagb-ifb-title-wrap\"><h3 class=\"uagb-ifb-title\">\u00ab Nos Secteurs d\u2019expertise \u00bb<\/h3><\/div><p class=\"uagb-ifb-desc\"><strong>TravelTech <\/strong>&amp; <strong>Hospitality<\/strong><br><strong>ProcureTech<\/strong> &amp; S2P (Source-to-Pay)<br>FinTech &amp; <strong>Payment Solutions<\/strong><br><strong>SaaS <\/strong>B2B B2B2C<br>Services B2B<br><strong>Industrie <\/strong>(M\u00e9canique, Chimie, M\u00e9tallurgie, Hygi\u00e8ne, Dispositifs m\u00e9dicaux, Agro, Non tiss\u00e9s)<\/p><\/div><\/div>\n<\/div>\n<\/div>\n<\/div>\n<\/div><\/div>\n\n\n\n<div class=\"wp-block-uagb-container uagb-block-283d2971 alignfull uagb-is-root-container\"><div class=\"uagb-container-inner-blocks-wrap\">\n<div class=\"wp-block-uagb-info-box uagb-block-82d1d57c uagb-infobox__content-wrap  uagb-infobox-icon-above-title uagb-infobox-image-valign-top\"><div class=\"uagb-ifb-content\"><div class=\"uagb-ifb-title-wrap\"><h2 class=\"uagb-ifb-title\">Pr\u00eat \u00e0 faire avancer votre entreprise ?<\/h2><\/div><p class=\"uagb-ifb-desc\">Contactez-nous d\u00e8s aujourd&rsquo;hui pour discuter de vos ambitions et projets de croissance ou de cession\/vente ou de r\u00e9duction des co\u00fbts\/Restructuring\/Organisation. <br>Un appel de 20 minutes pour cadrer le besoin 0033620867064 <br><br>ou un email<\/p><div class=\"uagb-ifb-button-wrapper wp-block-button\"><a href=\"\/contact\/\" class=\"uagb-infobox-cta-link wp-block-button__link\" target=\"_self\" rel=\"noopener noreferrer\" onclick=\"return true;\"><span class=\"uagb-inline-editing\">jean-marie.longin@bazanne.com<\/span><\/a><\/div><\/div><\/div>\n<\/div><\/div>\n","protected":false},"excerpt":{"rendered":"<p>Nos Services \u2013 Croissance, Transformation &amp; M&amp;A<\/p>\n","protected":false},"author":1,"featured_media":0,"parent":0,"menu_order":0,"comment_status":"closed","ping_status":"closed","template":"","meta":{"_uag_custom_page_level_css":"","site-sidebar-layout":"default","site-content-layout":"","ast-site-content-layout":"default","site-content-style":"default","site-sidebar-style":"default","ast-global-header-display":"","ast-banner-title-visibility":"","ast-main-header-display":"","ast-hfb-above-header-display":"","ast-hfb-below-header-display":"","ast-hfb-mobile-header-display":"","site-post-title":"disabled","ast-breadcrumbs-content":"","ast-featured-img":"","footer-sml-layout":"","ast-disable-related-posts":"","theme-transparent-header-meta":"","adv-header-id-meta":"","stick-header-meta":"","header-above-stick-meta":"","header-main-stick-meta":"","header-below-stick-meta":"","astra-migrate-meta-layouts":"default","ast-page-background-enabled":"default","ast-page-background-meta":{"desktop":{"background-color":"var(--ast-global-color-4)","background-image":"","background-repeat":"repeat","background-position":"center center","background-size":"auto","background-attachment":"scroll","background-type":"","background-media":"","overlay-type":"","overlay-color":"","overlay-opacity":"","overlay-gradient":""},"tablet":{"background-color":"","background-image":"","background-repeat":"repeat","background-position":"center center","background-size":"auto","background-attachment":"scroll","background-type":"","background-media":"","overlay-type":"","overlay-color":"","overlay-opacity":"","overlay-gradient":""},"mobile":{"background-color":"","background-image":"","background-repeat":"repeat","background-position":"center center","background-size":"auto","background-attachment":"scroll","background-type":"","background-media":"","overlay-type":"","overlay-color":"","overlay-opacity":"","overlay-gradient":""}},"ast-content-background-meta":{"desktop":{"background-color":"var(--ast-global-color-5)","background-image":"","background-repeat":"repeat","background-position":"center center","background-size":"auto","background-attachment":"scroll","background-type":"","background-media":"","overlay-type":"","overlay-color":"","overlay-opacity":"","overlay-gradient":""},"tablet":{"background-color":"var(--ast-global-color-5)","background-image":"","background-repeat":"repeat","background-position":"center center","background-size":"auto","background-attachment":"scroll","background-type":"","background-media":"","overlay-type":"","overlay-color":"","overlay-opacity":"","overlay-gradient":""},"mobile":{"background-color":"var(--ast-global-color-5)","background-image":"","background-repeat":"repeat","background-position":"center center","background-size":"auto","background-attachment":"scroll","background-type":"","background-media":"","overlay-type":"","overlay-color":"","overlay-opacity":"","overlay-gradient":""}},"footnotes":""},"class_list":["post-22","page","type-page","status-publish","hentry"],"uagb_featured_image_src":{"full":false,"thumbnail":false,"medium":false,"medium_large":false,"large":false,"1536x1536":false,"2048x2048":false,"trp-custom-language-flag":false},"uagb_author_info":{"display_name":"Jean-Marie Longin","author_link":"https:\/\/bazanne.com\/fr_fr\/author\/admin\/"},"uagb_comment_info":0,"uagb_excerpt":"Nos Services \u2013 Croissance, Transformation &amp; M&amp;A","_links":{"self":[{"href":"https:\/\/bazanne.com\/fr_fr\/wp-json\/wp\/v2\/pages\/22","targetHints":{"allow":["GET"]}}],"collection":[{"href":"https:\/\/bazanne.com\/fr_fr\/wp-json\/wp\/v2\/pages"}],"about":[{"href":"https:\/\/bazanne.com\/fr_fr\/wp-json\/wp\/v2\/types\/page"}],"author":[{"embeddable":true,"href":"https:\/\/bazanne.com\/fr_fr\/wp-json\/wp\/v2\/users\/1"}],"replies":[{"embeddable":true,"href":"https:\/\/bazanne.com\/fr_fr\/wp-json\/wp\/v2\/comments?post=22"}],"version-history":[{"count":12,"href":"https:\/\/bazanne.com\/fr_fr\/wp-json\/wp\/v2\/pages\/22\/revisions"}],"predecessor-version":[{"id":461,"href":"https:\/\/bazanne.com\/fr_fr\/wp-json\/wp\/v2\/pages\/22\/revisions\/461"}],"wp:attachment":[{"href":"https:\/\/bazanne.com\/fr_fr\/wp-json\/wp\/v2\/media?parent=22"}],"curies":[{"name":"wp","href":"https:\/\/api.w.org\/{rel}","templated":true}]}}